{"id":3,"date":"2025-03-24T00:33:12","date_gmt":"2025-03-24T00:33:12","guid":{"rendered":"http:\/\/madedihats.com\/?page_id=3"},"modified":"2025-04-25T02:37:25","modified_gmt":"2025-04-25T02:37:25","slug":"privacy-policy","status":"publish","type":"page","link":"https:\/\/madedihats.com\/en\/privacy-policy","title":{"rendered":"politica de privacidad"},"content":{"rendered":"<h2 class=\"wp-block-heading\">Quienes somos<\/h2>\n\n\n\n<p>Our website address is: <a href=\"https:\/\/madedihats.com\">https:\/\/madedihats.com<\/a>.<\/p>\n\n\n\n<h2 class=\"wp-block-heading\">Pol\u00edtica de privacidad de registro<\/h2>\n\n\n\n<p>Sus datos personales se utilizar\u00e1n para respaldar su experiencia en este sitio web, para administrar el acceso a su cuenta y para otros fines descritos en nuestras politicas.<\/p>\n\n\n\n<h2 class=\"wp-block-heading\">Pol\u00edtica de privacidad de pago<\/h2>\n\n\n\n<p>Sus datos personales se utilizar\u00e1n para procesar su pedido, respaldar su experiencia en este sitio web y para otros fines descritos en nuestras politicas.<\/p>\n\n\n\n<h2 class=\"wp-block-heading\">Cookies<\/h2>\n\n\n\n<p>Si visita nuestra p\u00e1gina de inicio de sesi\u00f3n, instalaremos una cookie temporal para determinar si su navegador acepta cookies. Esta cookie no contiene datos personales y se elimina al cerrar el navegador.<\/p>\n\n\n\n<p>Al iniciar sesi\u00f3n, tambi\u00e9n instalaremos varias cookies para guardar su informaci\u00f3n de inicio de sesi\u00f3n y sus preferencias de visualizaci\u00f3n de pantalla. Las cookies de inicio de sesi\u00f3n duran dos d\u00edas y las de opciones de pantalla, un a\u00f1o. Si selecciona &#8220;Recordarme&#8221;, su inicio de sesi\u00f3n se conservar\u00e1 durante dos semanas. Si cierra sesi\u00f3n, las cookies de inicio de sesi\u00f3n se eliminar\u00e1n.<\/p>\n\n\n\n<h2 class=\"wp-block-heading\">Contenido incrustado de otros sitios web<\/h2>\n\n\n\n<p>Las p\u00e1ginas de este sitio pueden incluir contenido incrustado (p. ej., v\u00eddeos, im\u00e1genes, art\u00edculos, etc.). El contenido incrustado de otros sitios web se comporta exactamente igual que si el visitante hubiera visitado el otro sitio web.<\/p>\n\n\n\n<p>Estos sitios web pueden recopilar datos sobre usted, utilizar cookies, integrar seguimiento adicional de terceros y supervisar su interacci\u00f3n con dicho contenido incrustado, incluyendo el seguimiento de su interacci\u00f3n con dicho contenido si tiene una cuenta y ha iniciado sesi\u00f3n en ese sitio web.<\/p>\n\n\n\n<h2 class=\"wp-block-heading\">Con qui\u00e9n compartimos tus datos<\/h2>\n\n\n\n<p>Compartimos su informaci\u00f3n personal con proveedores de servicios para poder prestarle nuestros servicios y procesar sus pedidos. Por ejemplo:<\/p>\n\n\n\n<p>Utilizamos WordPress y WooCommerce para recopilar informaci\u00f3n de pedidos y procesar pagos. Puede encontrar m\u00e1s informaci\u00f3n sobre WooCommerce aqu\u00ed: <a href=\"https:\/\/woocommerce.com\/pl\/privacy-policy\/\">https:\/\/woocommerce.com\/pl\/privacy-policy\/<\/a>. Tambi\u00e9n puede encontrar m\u00e1s informaci\u00f3n sobre WordPress aqu\u00ed: <a href=\"https:\/\/wordpress.org\/about\/privacy\/\">https:\/\/wordpress.org\/about\/privacy\/<\/a><\/p>\n\n\n\n<p>Tambi\u00e9n utilizamos Omnisend para enviar campa\u00f1as de correo electr\u00f3nico y mensajes de marketing por SMS. Puede consultar su pol\u00edtica de privacidad aqu\u00ed: <a href=\"https:\/\/www.omnisend.com\/privacy\/\">https:\/\/www.omnisend.com\/privacy\/<\/a><\/p>\n\n\n\n<p>Para la mensajer\u00eda de env\u00edos, utilizamos Skydropx para gestionar el seguimiento y el estado de los env\u00edos. Puede consultar su pol\u00edtica de privacidad aqu\u00ed: <a href=\"https:\/\/www.skydropx.com\/pro\/tyc\/aviso-de-privacidad\">https:\/\/www.skydropx.com\/pro\/tyc\/aviso-de-privacidad<\/a><\/p>\n\n\n\n<h2 class=\"wp-block-heading\">Cu\u00e1nto tiempo conservamos sus datos<\/h2>\n\n\n\n<p>De los usuarios que se registran en nuestro sitio web (si los hay), tambi\u00e9n almacenamos la informaci\u00f3n personal que proporcionan en su perfil. Todos los usuarios pueden ver o editar su informaci\u00f3n personal en cualquier momento (excepto que no pueden cambiar su nombre de usuario). Los administradores del sitio web tambi\u00e9n pueden ver y editar dicha informaci\u00f3n.<\/p>\n\n\n\n<p>Guardaremos su informaci\u00f3n hasta por 3 a\u00f1os, pero puede contactarnos directamente para que eliminemos su informaci\u00f3n lo antes posible. <\/p>\n\n\n\n<h2 class=\"wp-block-heading\">Qu\u00e9 derechos tienes sobre tus datos<\/h2>\n\n\n\n<p>Si tiene una cuenta en este sitio, puede solicitar un archivo exportado de los datos personales que tenemos sobre usted, incluyendo cualquier dato que nos haya proporcionado. Tambi\u00e9n puede solicitar que eliminemos cualquier dato personal que tengamos sobre usted.  Cont\u00e1ctenos a <a href=\"mailto:contacto@madedihats.com\">contacto@madedihats.com<\/a> para solicitar que se borre su informaci\u00f3n. Esto no incluye los datos que estemos obligados a conservar con fines administrativos, legales o de seguridad.<\/p>\n\n\n\n<p><\/p>","protected":false},"excerpt":{"rendered":"<p>Quienes somos Our website address is: https:\/\/madedihats.com. Pol\u00edtica de privacidad de registro Sus datos personales se utilizar\u00e1n para respaldar su experiencia en este sitio web, para administrar el acceso a su cuenta y para otros fines descritos en nuestras politicas. Pol\u00edtica de privacidad de pago Sus datos personales se utilizar\u00e1n para procesar su pedido, respaldar [&hellip;]<\/p>","protected":false},"author":1,"featured_media":0,"parent":0,"menu_order":0,"comment_status":"closed","ping_status":"open","template":"","meta":{"footnotes":""},"class_list":["post-3","page","type-page","status-publish","hentry"],"aioseo_notices":[],"_links":{"self":[{"href":"https:\/\/madedihats.com\/en\/wp-json\/wp\/v2\/pages\/3","targetHints":{"allow":["GET"]}}],"collection":[{"href":"https:\/\/madedihats.com\/en\/wp-json\/wp\/v2\/pages"}],"about":[{"href":"https:\/\/madedihats.com\/en\/wp-json\/wp\/v2\/types\/page"}],"author":[{"embeddable":true,"href":"https:\/\/madedihats.com\/en\/wp-json\/wp\/v2\/users\/1"}],"replies":[{"embeddable":true,"href":"https:\/\/madedihats.com\/en\/wp-json\/wp\/v2\/comments?post=3"}],"version-history":[{"count":7,"href":"https:\/\/madedihats.com\/en\/wp-json\/wp\/v2\/pages\/3\/revisions"}],"predecessor-version":[{"id":404,"href":"https:\/\/madedihats.com\/en\/wp-json\/wp\/v2\/pages\/3\/revisions\/404"}],"wp:attachment":[{"href":"https:\/\/madedihats.com\/en\/wp-json\/wp\/v2\/media?parent=3"}],"curies":[{"name":"wp","href":"https:\/\/api.w.org\/{rel}","templated":true}]}}