{"id":175,"date":"2025-03-27T03:06:02","date_gmt":"2025-03-27T03:06:02","guid":{"rendered":"https:\/\/madedihats.com\/?post_type=product&#038;p=175"},"modified":"2025-06-16T15:49:59","modified_gmt":"2025-06-16T21:49:59","slug":"ny-pearls-31hats","status":"publish","type":"product","link":"https:\/\/madedihats.com\/en\/shop\/ny-pearls-31hats","title":{"rendered":"NY PEARLS 31HATS"},"content":{"rendered":"<p>La Thirty One New York Pearls, es el dise\u00f1o perfecto y exclusivo para ti, adem\u00e1s incluye un llavero edici\u00f3n de San Valent\u00edn.<\/p>","protected":false},"excerpt":{"rendered":"<p>NY PEARLS 31 con llavero incluido.<\/p>","protected":false},"featured_media":176,"template":"","meta":[],"product_brand":[],"product_cat":[32],"product_tag":[29,30,31,27,28],"class_list":{"0":"post-175","1":"product","2":"type-product","3":"status-publish","4":"has-post-thumbnail","6":"product_cat-thirtyone","7":"product_tag-29","8":"product_tag-31hats","9":"product_tag-love","10":"product_tag-ny","11":"product_tag-nypearls","13":"first","14":"instock","15":"taxable","16":"shipping-taxable","17":"purchasable","18":"product-type-simple"},"aioseo_notices":[],"wc_booster_product_categories":[{"id":32,"name":"ThirtyOne"}],"wc_booster_product_price":"<span class=\"woocommerce-Price-amount amount\"><bdi><span class=\"woocommerce-Price-currencySymbol\">&#36;<\/span>1,900<\/bdi><\/span>","wc_booster_product_rating":"","wc_booster_product_banner_img":false,"wc_booster_product_reviews":[],"wc_booster_product_stock_data":{"manage_stock":true,"total_stock":1,"sold_stock":0},"_links":{"self":[{"href":"https:\/\/madedihats.com\/en\/wp-json\/wp\/v2\/product\/175","targetHints":{"allow":["GET"]}}],"collection":[{"href":"https:\/\/madedihats.com\/en\/wp-json\/wp\/v2\/product"}],"about":[{"href":"https:\/\/madedihats.com\/en\/wp-json\/wp\/v2\/types\/product"}],"wp:featuredmedia":[{"embeddable":true,"href":"https:\/\/madedihats.com\/en\/wp-json\/wp\/v2\/media\/176"}],"wp:attachment":[{"href":"https:\/\/madedihats.com\/en\/wp-json\/wp\/v2\/media?parent=175"}],"wp:term":[{"taxonomy":"product_brand","embeddable":true,"href":"https:\/\/madedihats.com\/en\/wp-json\/wp\/v2\/product_brand?post=175"},{"taxonomy":"product_cat","embeddable":true,"href":"https:\/\/madedihats.com\/en\/wp-json\/wp\/v2\/product_cat?post=175"},{"taxonomy":"product_tag","embeddable":true,"href":"https:\/\/madedihats.com\/en\/wp-json\/wp\/v2\/product_tag?post=175"}],"curies":[{"name":"wp","href":"https:\/\/api.w.org\/{rel}","templated":true}]}}