{"id":604,"date":"2025-05-07T10:24:01","date_gmt":"2025-05-07T16:24:01","guid":{"rendered":"https:\/\/madedihats.com\/?post_type=product&#038;p=604"},"modified":"2025-06-16T15:48:55","modified_gmt":"2025-06-16T21:48:55","slug":"baez-x-vm-rico-o-muerto","status":"publish","type":"product","link":"https:\/\/madedihats.com\/en\/shop\/baez-x-vm-rico-o-muerto","title":{"rendered":"BAEZ X VM RICO O MUERTO"},"content":{"rendered":"<p>Exclusiva Gorra de colaboraci\u00f3n Baez x V\u00edctor Mend\u00edvil RICO O MUERTO<\/p>","protected":false},"excerpt":{"rendered":"<p>Exclusiva Gorra de colaboraci\u00f3n Baez x V\u00edctor Mend\u00edvil RICO O MUERTO<\/p>","protected":false},"featured_media":545,"template":"","meta":[],"product_brand":[],"product_cat":[48],"product_tag":[24,50,104,103],"class_list":{"0":"post-604","1":"product","2":"type-product","3":"status-publish","4":"has-post-thumbnail","6":"product_cat-baez","7":"product_tag-baez","8":"product_tag-nuevo","9":"product_tag-rico-o-muerto","10":"product_tag-victor-mendivil","12":"first","13":"instock","14":"taxable","15":"shipping-taxable","16":"purchasable","17":"product-type-simple"},"aioseo_notices":[],"wc_booster_product_categories":[{"id":48,"name":"Baez"}],"wc_booster_product_price":"<span class=\"woocommerce-Price-amount amount\"><bdi><span class=\"woocommerce-Price-currencySymbol\">&#36;<\/span>1,999<\/bdi><\/span>","wc_booster_product_rating":"","wc_booster_product_banner_img":false,"wc_booster_product_reviews":[],"wc_booster_product_stock_data":{"manage_stock":true,"total_stock":2,"sold_stock":0},"_links":{"self":[{"href":"https:\/\/madedihats.com\/en\/wp-json\/wp\/v2\/product\/604","targetHints":{"allow":["GET"]}}],"collection":[{"href":"https:\/\/madedihats.com\/en\/wp-json\/wp\/v2\/product"}],"about":[{"href":"https:\/\/madedihats.com\/en\/wp-json\/wp\/v2\/types\/product"}],"wp:featuredmedia":[{"embeddable":true,"href":"https:\/\/madedihats.com\/en\/wp-json\/wp\/v2\/media\/545"}],"wp:attachment":[{"href":"https:\/\/madedihats.com\/en\/wp-json\/wp\/v2\/media?parent=604"}],"wp:term":[{"taxonomy":"product_brand","embeddable":true,"href":"https:\/\/madedihats.com\/en\/wp-json\/wp\/v2\/product_brand?post=604"},{"taxonomy":"product_cat","embeddable":true,"href":"https:\/\/madedihats.com\/en\/wp-json\/wp\/v2\/product_cat?post=604"},{"taxonomy":"product_tag","embeddable":true,"href":"https:\/\/madedihats.com\/en\/wp-json\/wp\/v2\/product_tag?post=604"}],"curies":[{"name":"wp","href":"https:\/\/api.w.org\/{rel}","templated":true}]}}