{"id":679,"date":"2025-06-11T19:33:02","date_gmt":"2025-06-12T01:33:02","guid":{"rendered":"https:\/\/madedihats.com\/?post_type=product&#038;p=679"},"modified":"2025-06-11T19:47:02","modified_gmt":"2025-06-12T01:47:02","slug":"phoenixs-freedom","status":"publish","type":"product","link":"https:\/\/madedihats.com\/en\/shop\/phoenixs-freedom","title":{"rendered":"Phoenix&#8217;s Freedom"},"content":{"rendered":"<p>\u00a1El Ave f\u00e9nix \ud83d\udc26\u200d\ud83d\udd25 ha sido liberado adqui\u00e9rela ahora!<\/p>\n<p>Gorra con tela de gabardina negra con un ave f\u00e9nix bordado en 3D al frente, en los laterales unas cadenas en bordado plano que est\u00e1n siendo cortadas por la liberaci\u00f3n del f\u00e9nix. Todo alrededor tiene pedrer\u00eda negra que resalta en la gorra.<\/p>\n<p>Tiene una visera de gamuza con una cadena bordada. Y por dentro una cubierta de tela satinada con sobrecosturas personalizadas de la marca.<\/p>\n<p>Cada gorra viene full set:<\/p>\n<p>\u2705Gorra completamente personalizada.<br \/>\n\u2705Cadena del Ave f\u00e9nix.<br \/>\n\u2705Cubrepolvos en gamuza.<br \/>\n\u2705Sobre con certificado de autenticidad.<br \/>\n\u2705Caja personalizada.<br \/>\n\u2705Etiquetas de la marca.<\/p>","protected":false},"excerpt":{"rendered":"<p>\u00a1El Ave f\u00e9nix \ud83d\udc26\u200d\ud83d\udd25 ha sido liberado adqui\u00e9rela ahora! Gorra con tela de gabardina negra con un ave f\u00e9nix bordado en 3D al frente, en los laterales unas cadenas en bordado plano que est\u00e1n siendo cortadas por la liberaci\u00f3n del f\u00e9nix. Todo alrededor tiene pedrer\u00eda negra que resalta en la gorra. Tiene una visera de [&hellip;]<\/p>","protected":false},"featured_media":686,"template":"","meta":[],"product_brand":[],"product_cat":[125],"product_tag":[50],"class_list":{"0":"post-679","1":"product","2":"type-product","3":"status-publish","4":"has-post-thumbnail","6":"product_cat-madedi-hats","7":"product_tag-nuevo","9":"first","10":"instock","11":"taxable","12":"shipping-taxable","13":"purchasable","14":"product-type-simple"},"aioseo_notices":[],"wc_booster_product_categories":[{"id":125,"name":"Madedi Hats"}],"wc_booster_product_price":"<span class=\"woocommerce-Price-amount amount\"><bdi><span class=\"woocommerce-Price-currencySymbol\">&#36;<\/span>999<\/bdi><\/span>","wc_booster_product_rating":"","wc_booster_product_banner_img":false,"wc_booster_product_reviews":[],"wc_booster_product_stock_data":{"manage_stock":true,"total_stock":28,"sold_stock":0},"_links":{"self":[{"href":"https:\/\/madedihats.com\/en\/wp-json\/wp\/v2\/product\/679","targetHints":{"allow":["GET"]}}],"collection":[{"href":"https:\/\/madedihats.com\/en\/wp-json\/wp\/v2\/product"}],"about":[{"href":"https:\/\/madedihats.com\/en\/wp-json\/wp\/v2\/types\/product"}],"wp:featuredmedia":[{"embeddable":true,"href":"https:\/\/madedihats.com\/en\/wp-json\/wp\/v2\/media\/686"}],"wp:attachment":[{"href":"https:\/\/madedihats.com\/en\/wp-json\/wp\/v2\/media?parent=679"}],"wp:term":[{"taxonomy":"product_brand","embeddable":true,"href":"https:\/\/madedihats.com\/en\/wp-json\/wp\/v2\/product_brand?post=679"},{"taxonomy":"product_cat","embeddable":true,"href":"https:\/\/madedihats.com\/en\/wp-json\/wp\/v2\/product_cat?post=679"},{"taxonomy":"product_tag","embeddable":true,"href":"https:\/\/madedihats.com\/en\/wp-json\/wp\/v2\/product_tag?post=679"}],"curies":[{"name":"wp","href":"https:\/\/api.w.org\/{rel}","templated":true}]}}