{"id":583,"date":"2025-05-07T09:25:52","date_gmt":"2025-05-07T15:25:52","guid":{"rendered":"https:\/\/madedihats.com\/?post_type=product&#038;p=583"},"modified":"2025-06-16T15:49:49","modified_gmt":"2025-06-16T21:49:49","slug":"la-love-full-set","status":"publish","type":"product","link":"https:\/\/madedihats.com\/es_mx\/shop\/la-love-full-set","title":{"rendered":"LA LOVE FULL SET"},"content":{"rendered":"<p>LA LOVE Edici\u00f3n de San Valent\u00edn, Ful Set Caja de coraz\u00f3n, Cubrepolvos, Certificado y llavero.<\/p>\n","protected":false},"excerpt":{"rendered":"<p>LA LOVE Edici\u00f3n de San Valent\u00edn, Ful Set Caja de coraz\u00f3n, Cubrepolvos, Certificado y llavero.<\/p>\n","protected":false},"featured_media":547,"template":"","meta":[],"product_brand":[],"product_cat":[32],"product_tag":[29,31,61,51,58,77],"class_list":{"0":"post-583","1":"product","2":"type-product","3":"status-publish","4":"has-post-thumbnail","6":"product_cat-thirtyone","7":"product_tag-29","8":"product_tag-love","9":"product_tag-full-set","10":"product_tag-gorra","11":"product_tag-la","12":"product_tag-thirty-one","14":"first","15":"instock","16":"taxable","17":"shipping-taxable","18":"purchasable","19":"product-type-simple"},"aioseo_notices":[],"wc_booster_product_categories":[{"id":32,"name":"ThirtyOne"}],"wc_booster_product_price":"<span class=\"woocommerce-Price-amount amount\"><bdi><span class=\"woocommerce-Price-currencySymbol\">&#36;<\/span>2,599<\/bdi><\/span>","wc_booster_product_rating":"","wc_booster_product_banner_img":false,"wc_booster_product_reviews":[],"wc_booster_product_stock_data":{"manage_stock":true,"total_stock":2,"sold_stock":0},"_links":{"self":[{"href":"https:\/\/madedihats.com\/es_mx\/wp-json\/wp\/v2\/product\/583","targetHints":{"allow":["GET"]}}],"collection":[{"href":"https:\/\/madedihats.com\/es_mx\/wp-json\/wp\/v2\/product"}],"about":[{"href":"https:\/\/madedihats.com\/es_mx\/wp-json\/wp\/v2\/types\/product"}],"wp:featuredmedia":[{"embeddable":true,"href":"https:\/\/madedihats.com\/es_mx\/wp-json\/wp\/v2\/media\/547"}],"wp:attachment":[{"href":"https:\/\/madedihats.com\/es_mx\/wp-json\/wp\/v2\/media?parent=583"}],"wp:term":[{"taxonomy":"product_brand","embeddable":true,"href":"https:\/\/madedihats.com\/es_mx\/wp-json\/wp\/v2\/product_brand?post=583"},{"taxonomy":"product_cat","embeddable":true,"href":"https:\/\/madedihats.com\/es_mx\/wp-json\/wp\/v2\/product_cat?post=583"},{"taxonomy":"product_tag","embeddable":true,"href":"https:\/\/madedihats.com\/es_mx\/wp-json\/wp\/v2\/product_tag?post=583"}],"curies":[{"name":"wp","href":"https:\/\/api.w.org\/{rel}","templated":true}]}}