{"id":605,"date":"2025-05-07T10:26:30","date_gmt":"2025-05-07T16:26:30","guid":{"rendered":"https:\/\/madedihats.com\/?post_type=product&#038;p=605"},"modified":"2025-06-16T15:48:54","modified_gmt":"2025-06-16T21:48:54","slug":"baez-x-vm-tazmania","status":"publish","type":"product","link":"https:\/\/madedihats.com\/es_mx\/shop\/baez-x-vm-tazmania","title":{"rendered":"BAEZ X VM TAZMANIA"},"content":{"rendered":"<p>Exclusiva Gorra de colaboraci\u00f3n B\u00e1ez x V\u00edctor Mend\u00edvil TAZMANIA<\/p>\n","protected":false},"excerpt":{"rendered":"<p>Exclusiva Gorra de colaboraci\u00f3n B\u00e1ez x V\u00edctor Mend\u00edvil TAZMANIA<\/p>\n","protected":false},"featured_media":539,"template":"","meta":[],"product_brand":[],"product_cat":[48],"product_tag":[24,51,50,105,103],"class_list":{"0":"post-605","1":"product","2":"type-product","3":"status-publish","4":"has-post-thumbnail","6":"product_cat-baez","7":"product_tag-baez","8":"product_tag-gorra","9":"product_tag-nuevo","10":"product_tag-tazmania","11":"product_tag-victor-mendivil","13":"first","14":"instock","15":"taxable","16":"shipping-taxable","17":"purchasable","18":"product-type-simple"},"aioseo_notices":[],"wc_booster_product_categories":[{"id":48,"name":"Baez"}],"wc_booster_product_price":"<span class=\"woocommerce-Price-amount amount\"><bdi><span class=\"woocommerce-Price-currencySymbol\">&#36;<\/span>1,999<\/bdi><\/span>","wc_booster_product_rating":"","wc_booster_product_banner_img":false,"wc_booster_product_reviews":[],"wc_booster_product_stock_data":{"manage_stock":true,"total_stock":2,"sold_stock":0},"_links":{"self":[{"href":"https:\/\/madedihats.com\/es_mx\/wp-json\/wp\/v2\/product\/605","targetHints":{"allow":["GET"]}}],"collection":[{"href":"https:\/\/madedihats.com\/es_mx\/wp-json\/wp\/v2\/product"}],"about":[{"href":"https:\/\/madedihats.com\/es_mx\/wp-json\/wp\/v2\/types\/product"}],"wp:featuredmedia":[{"embeddable":true,"href":"https:\/\/madedihats.com\/es_mx\/wp-json\/wp\/v2\/media\/539"}],"wp:attachment":[{"href":"https:\/\/madedihats.com\/es_mx\/wp-json\/wp\/v2\/media?parent=605"}],"wp:term":[{"taxonomy":"product_brand","embeddable":true,"href":"https:\/\/madedihats.com\/es_mx\/wp-json\/wp\/v2\/product_brand?post=605"},{"taxonomy":"product_cat","embeddable":true,"href":"https:\/\/madedihats.com\/es_mx\/wp-json\/wp\/v2\/product_cat?post=605"},{"taxonomy":"product_tag","embeddable":true,"href":"https:\/\/madedihats.com\/es_mx\/wp-json\/wp\/v2\/product_tag?post=605"}],"curies":[{"name":"wp","href":"https:\/\/api.w.org\/{rel}","templated":true}]}}