{"id":606,"date":"2025-05-07T10:28:38","date_gmt":"2025-05-07T16:28:38","guid":{"rendered":"https:\/\/madedihats.com\/?post_type=product&#038;p=606"},"modified":"2025-06-16T15:48:53","modified_gmt":"2025-06-16T21:48:53","slug":"baez-x-vm-capitan","status":"publish","type":"product","link":"https:\/\/madedihats.com\/es_mx\/shop\/baez-x-vm-capitan","title":{"rendered":"BAEZ X VM CAPITAN"},"content":{"rendered":"<p>Exclusiva Gorra de colaboraci\u00f3n B\u00e1ez x V\u00edctor Mend\u00edvil CAPITAN<\/p>\n","protected":false},"excerpt":{"rendered":"<p>Exclusiva Gorra de colaboraci\u00f3n B\u00e1ez x V\u00edctor Mend\u00edvil CAPITAN<\/p>\n","protected":false},"featured_media":541,"template":"","meta":[],"product_brand":[],"product_cat":[48],"product_tag":[24,106,51,50,105,103],"class_list":{"0":"post-606","1":"product","2":"type-product","3":"status-publish","4":"has-post-thumbnail","6":"product_cat-baez","7":"product_tag-baez","8":"product_tag-capitan","9":"product_tag-gorra","10":"product_tag-nuevo","11":"product_tag-tazmania","12":"product_tag-victor-mendivil","14":"first","15":"instock","16":"taxable","17":"shipping-taxable","18":"purchasable","19":"product-type-simple"},"aioseo_notices":[],"wc_booster_product_categories":[{"id":48,"name":"Baez"}],"wc_booster_product_price":"<span class=\"woocommerce-Price-amount amount\"><bdi><span class=\"woocommerce-Price-currencySymbol\">&#36;<\/span>1,999<\/bdi><\/span>","wc_booster_product_rating":"","wc_booster_product_banner_img":false,"wc_booster_product_reviews":[],"wc_booster_product_stock_data":{"manage_stock":true,"total_stock":2,"sold_stock":0},"_links":{"self":[{"href":"https:\/\/madedihats.com\/es_mx\/wp-json\/wp\/v2\/product\/606","targetHints":{"allow":["GET"]}}],"collection":[{"href":"https:\/\/madedihats.com\/es_mx\/wp-json\/wp\/v2\/product"}],"about":[{"href":"https:\/\/madedihats.com\/es_mx\/wp-json\/wp\/v2\/types\/product"}],"wp:featuredmedia":[{"embeddable":true,"href":"https:\/\/madedihats.com\/es_mx\/wp-json\/wp\/v2\/media\/541"}],"wp:attachment":[{"href":"https:\/\/madedihats.com\/es_mx\/wp-json\/wp\/v2\/media?parent=606"}],"wp:term":[{"taxonomy":"product_brand","embeddable":true,"href":"https:\/\/madedihats.com\/es_mx\/wp-json\/wp\/v2\/product_brand?post=606"},{"taxonomy":"product_cat","embeddable":true,"href":"https:\/\/madedihats.com\/es_mx\/wp-json\/wp\/v2\/product_cat?post=606"},{"taxonomy":"product_tag","embeddable":true,"href":"https:\/\/madedihats.com\/es_mx\/wp-json\/wp\/v2\/product_tag?post=606"}],"curies":[{"name":"wp","href":"https:\/\/api.w.org\/{rel}","templated":true}]}}