{"id":634,"date":"2025-05-15T19:15:03","date_gmt":"2025-05-16T01:15:03","guid":{"rendered":"https:\/\/madedihats.com\/?post_type=product&#038;p=634"},"modified":"2025-06-19T01:09:47","modified_gmt":"2025-06-19T07:09:47","slug":"love-is-love","status":"publish","type":"product","link":"https:\/\/madedihats.com\/es_mx\/shop\/love-is-love","title":{"rendered":"Love is Love"},"content":{"rendered":"<p>En representaci\u00f3n al orgullo, hemos creado esta gorra completamente original y exclusiva, con casco en gabardina negra de calidad, dise\u00f1o frontal con las letras en 3D Love is Love que al centro tiene un coraz\u00f3n rojo y letras con los colores Lgbtq+ acompa\u00f1ado adem\u00e1s de pedrer\u00eda negra, una visera curva de gamuza negra con bordado planos de rayos en colores arco\u00edris que simbolizan las tormentas que se atraviesan para poder luchar por los derechos de la comunidad LGBTQ+, del lateral izquierdo y derecho se encuentran dos manos bordadas que tratan de unirse mediante un hilo rojo que forma un coraz\u00f3n en la parte trasera, que se interpreta como el amor y la uni\u00f3n que ambos seres tienen pero que de cualquier manera a\u00fan son separados por los estigmas sociales a\u00fan cuando amor es amor. La parte baja de esta gorra conmemorativa est\u00e1 forrada con tela tipo sat\u00edn rojo, con cubrecosturas y etiquetas de Madedi Hats.<\/p>\n<p>Tu paquete incluye:<br \/>\n\ud83c\udff3\ufe0f\u200d\ud83c\udf08\ud83c\udff3\ufe0f\u200d\u26a7\ufe0f Gorra de edici\u00f3n limitada<br \/>\n\ud83c\udff3\ufe0f\u200d\ud83c\udf08\ud83c\udff3\ufe0f\u200d\u26a7\ufe0f Caja de gorras con la marca Madedi Hats<br \/>\n\ud83c\udff3\ufe0f\u200d\ud83c\udf08\ud83c\udff3\ufe0f\u200d\u26a7\ufe0f Bolsa guardapolvo de sat\u00e9n<br \/>\n\ud83c\udff3\ufe0f\u200d\ud83c\udf08\ud83c\udff3\ufe0f\u200d\u26a7\ufe0f Certificado de autenticidad<br \/>\n\ud83c\udff3\ufe0f\u200d\ud83c\udf08\ud83c\udff3\ufe0f\u200d\u26a7\ufe0f Dos pins conmemorativos del Pride.<\/p>\n","protected":false},"excerpt":{"rendered":"<p>En representaci\u00f3n del orgullo, he creado esta gorra completamente original y exclusiva.<\/p>\n","protected":false},"featured_media":635,"template":"","meta":[],"product_brand":[],"product_cat":[125],"product_tag":[31,124,50,22],"class_list":{"0":"post-634","1":"product","2":"type-product","3":"status-publish","4":"has-post-thumbnail","6":"product_cat-madedi-hats","7":"product_tag-love","8":"product_tag-love-is-love","9":"product_tag-nuevo","10":"product_tag-pride","12":"first","13":"instock","14":"taxable","15":"shipping-taxable","16":"purchasable","17":"product-type-simple"},"aioseo_notices":[],"wc_booster_product_categories":[{"id":125,"name":"Madedi Hats"}],"wc_booster_product_price":"<span class=\"woocommerce-Price-amount amount\"><bdi><span class=\"woocommerce-Price-currencySymbol\">&#36;<\/span>999<\/bdi><\/span>","wc_booster_product_rating":"","wc_booster_product_banner_img":false,"wc_booster_product_reviews":[],"wc_booster_product_stock_data":{"manage_stock":true,"total_stock":50,"sold_stock":0},"_links":{"self":[{"href":"https:\/\/madedihats.com\/es_mx\/wp-json\/wp\/v2\/product\/634","targetHints":{"allow":["GET"]}}],"collection":[{"href":"https:\/\/madedihats.com\/es_mx\/wp-json\/wp\/v2\/product"}],"about":[{"href":"https:\/\/madedihats.com\/es_mx\/wp-json\/wp\/v2\/types\/product"}],"wp:featuredmedia":[{"embeddable":true,"href":"https:\/\/madedihats.com\/es_mx\/wp-json\/wp\/v2\/media\/635"}],"wp:attachment":[{"href":"https:\/\/madedihats.com\/es_mx\/wp-json\/wp\/v2\/media?parent=634"}],"wp:term":[{"taxonomy":"product_brand","embeddable":true,"href":"https:\/\/madedihats.com\/es_mx\/wp-json\/wp\/v2\/product_brand?post=634"},{"taxonomy":"product_cat","embeddable":true,"href":"https:\/\/madedihats.com\/es_mx\/wp-json\/wp\/v2\/product_cat?post=634"},{"taxonomy":"product_tag","embeddable":true,"href":"https:\/\/madedihats.com\/es_mx\/wp-json\/wp\/v2\/product_tag?post=634"}],"curies":[{"name":"wp","href":"https:\/\/api.w.org\/{rel}","templated":true}]}}